{"id":2,"date":"2026-02-13T16:47:37","date_gmt":"2026-02-13T16:47:37","guid":{"rendered":"http:\/\/zfexpsu.cluster121.hosting.ovh.net\/?page_id=2"},"modified":"2026-03-30T18:14:06","modified_gmt":"2026-03-30T18:14:06","slug":"a-propos-de-bete-de-com-2","status":"publish","type":"page","link":"https:\/\/betedecom.fr\/index.php\/a-propos-de-bete-de-com-2\/","title":{"rendered":"A propos"},"content":{"rendered":"\n\n\n\n\n<p class=\"has-kubio-color-4-color has-kubio-color-3-background-color has-text-color has-background has-link-color wp-elements-2d4d664cae1d8313b21abe55683d3a76\" style=\"font-style:normal;font-weight:400\"><strong>Celle qui a troqu\u00e9e sa blouse et ses crocs \u00e0 paillettes contre un fauteuil ergonomique et des anglicismes \u00e0 en faire p\u00e2lir Nelson Monfort.<\/strong><br><strong>Bilingue v\u00e9t\u00e9rinaire et propri\u00e9taire, je suis probablement la seule charg\u00e9e de communication \u00e0 pouvoir dire \u00e7a sans mentir ! Et c&rsquo;est exactement ce qui fait la valeur de B\u00eate de com&rsquo;.<\/strong><\/p>\n\n\n\n<p class=\"has-kubio-color-6-color has-text-color has-link-color wp-elements-f43cf880d92d420c72c52423fb367d00\">En <strong><mark style=\"background-color:rgba(0, 0, 0, 0)\" class=\"has-inline-color has-kubio-color-4-color\">dix ans de clinique<\/mark><\/strong>, j&rsquo;ai eu la chance d&rsquo;exercer dans des structures radicalement diff\u00e9rentes, de la structure mixte au centre r\u00e9f\u00e9r\u00e9 24h\/24 en passant par le cabinet de ville. Autant d&rsquo;environnements, autant de fa\u00e7ons de travailler, autant d&rsquo;\u00e9quipes et de client\u00e8les diff\u00e9rentes. C&rsquo;est de l\u00e0 qu&rsquo;est n\u00e9e l&rsquo;id\u00e9e de <strong><mark style=\"background-color:rgba(0, 0, 0, 0)\" class=\"has-inline-color has-kubio-color-4-color\">co-cr\u00e9er de toutes pi\u00e8ces un service de gestion de la douleur et de r\u00e9\u00e9ducation fonctionnelle en bin\u00f4me avec une v\u00e9t\u00e9rinaire<\/mark><\/strong>. La r\u00e9partition de nos missions s&rsquo;est faite naturellement : <strong><mark style=\"background-color:rgba(0, 0, 0, 0)\" class=\"has-inline-color has-kubio-color-2-color\">elle soignait et prenait en charge les patients, moi je faisais en sorte de recruter et fid\u00e9liser les propri\u00e9taires<\/mark><\/strong>. Au fil des semaines, la communication est devenue bien plus qu&rsquo;un outil, c&rsquo;\u00e9tait le moteur du service.<\/p>\n\n\n\n<p class=\"has-kubio-color-6-color has-text-color has-link-color wp-elements-8797a9b0a1baa125c4528708d284880c\">Le service a fini par trouver son rythme, puis par vraiment d\u00e9coller. J&rsquo;ai alors form\u00e9e d&rsquo;autres ASV pour prendre le relais terrain et me consacrer \u00e0 ce qui prenait de plus en plus de place : la communication. Pendant ce temps, la direction de la clinique a remarqu\u00e9e la mani\u00e8re dont je communiquais, que ce soit avec les clients, les \u00e9quipes ou encore les partenaires. <strong><mark style=\"background-color:rgba(0, 0, 0, 0)\" class=\"has-inline-color has-kubio-color-2-color\">Je me suis donc vu confier une mission d&rsquo;ampleur : prendre les r\u00eanes de la communication de toute la structure<\/mark><\/strong>. Communication interne, refonte du site internet, r\u00e9putation digitale, r\u00e9seaux sociaux, relations confraternelles et partenaires, cr\u00e9ation de supports \u00e0 destination des clients, cr\u00e9ation d&rsquo;outils \u00e0 destination des \u00e9quipes, organisation de tables rondes, conf\u00e9rences ou encore team building. Bref, deux ans \u00e0 toucher \u00e0 tout. <strong><mark style=\"background-color:rgba(0, 0, 0, 0)\" class=\"has-inline-color has-kubio-color-4-color\">Deux ans \u00e0 voir de pr\u00e8s les difficult\u00e9s que rencontrent les structures<\/mark><\/strong> (<em>fid\u00e9lisation de la client\u00e8le, recrutement et fid\u00e9lisation des talents, prise en main de leur r\u00e9putation\u2026<\/em>), <strong><mark style=\"background-color:rgba(0, 0, 0, 0)\" class=\"has-inline-color has-kubio-color-1-color\">ce qui leur manque <\/mark><\/strong>(<em>temps, formation, accompagnement, ressources humaines\u2026<\/em>), <strong><mark style=\"background-color:rgba(0, 0, 0, 0)\" class=\"has-inline-color has-kubio-color-4-color\">\u00e0 comprendre exactement ce dont elles ont besoin, et surtout, \u00e0 faire naitre mon envie de faire \u00e7a \u00e0 grande \u00e9chelle.<\/mark><\/strong><\/p>\n\n\n\n<p class=\"has-kubio-color-6-color has-text-color has-link-color wp-elements-c3b8addb8c81ab3fc1fdabe7805186fc\">Le constat \u00e9tait l\u00e0, l&rsquo;exp\u00e9rience aussi. Il ne manquait plus qu&rsquo;un nom sur la porte. <strong><mark style=\"background-color:rgba(var(--kubio-color-3), 1)\" class=\"has-inline-color has-kubio-color-4-color\">Alors j&rsquo;ai cr\u00e9\u00e9 B\u00eate de com&rsquo;<\/mark><\/strong>.&nbsp;<\/p>\n\n\n\n<blockquote class=\"wp-block-quote is-style-plain is-layout-flow wp-block-quote-is-layout-flow\">\n<p class=\"has-kubio-color-2-color has-kubio-color-5-background-color has-text-color has-background has-link-color wp-elements-1e0220b93b9976dea439909277c10ecf\"><strong>Parce que les v\u00e9t\u00e9rinaires m\u00e9ritent une communication aussi rigoureuse que leur m\u00e9decine et qu&rsquo;il \u00e9tait temps que quelqu&rsquo;un s&rsquo;en charge vraiment !<\/strong><\/p>\n<\/blockquote>\n\n\n\n\n\n<blockquote class=\"wp-block-quote is-layout-flow wp-block-quote-is-layout-flow\">\n<p><\/p>\n<\/blockquote>\n","protected":false},"excerpt":{"rendered":"<p>Celle qui a troqu\u00e9e sa blouse et ses crocs \u00e0 paillettes contre un fauteuil ergonomique et des anglicismes \u00e0 en faire p\u00e2lir Nelson Monfort.Bilingue v\u00e9t\u00e9rinaire et propri\u00e9taire, je suis probablement la seule charg\u00e9e de communication \u00e0 pouvoir dire \u00e7a sans mentir ! Et c&rsquo;est exactement ce qui fait la valeur de B\u00eate de com&rsquo;. En [&hellip;]<\/p>\n","protected":false},"author":1,"featured_media":0,"parent":0,"menu_order":0,"comment_status":"closed","ping_status":"closed","template":"","meta":{"saved_in_kubio":true,"footnotes":""},"class_list":["post-2","page","type-page","status-publish","hentry"],"kubio_ai_page_context":{"short_desc":"","purpose":"general"},"_links":{"self":[{"href":"https:\/\/betedecom.fr\/index.php\/wp-json\/wp\/v2\/pages\/2","targetHints":{"allow":["GET"]}}],"collection":[{"href":"https:\/\/betedecom.fr\/index.php\/wp-json\/wp\/v2\/pages"}],"about":[{"href":"https:\/\/betedecom.fr\/index.php\/wp-json\/wp\/v2\/types\/page"}],"author":[{"embeddable":true,"href":"https:\/\/betedecom.fr\/index.php\/wp-json\/wp\/v2\/users\/1"}],"replies":[{"embeddable":true,"href":"https:\/\/betedecom.fr\/index.php\/wp-json\/wp\/v2\/comments?post=2"}],"version-history":[{"count":8,"href":"https:\/\/betedecom.fr\/index.php\/wp-json\/wp\/v2\/pages\/2\/revisions"}],"predecessor-version":[{"id":417,"href":"https:\/\/betedecom.fr\/index.php\/wp-json\/wp\/v2\/pages\/2\/revisions\/417"}],"wp:attachment":[{"href":"https:\/\/betedecom.fr\/index.php\/wp-json\/wp\/v2\/media?parent=2"}],"curies":[{"name":"wp","href":"https:\/\/api.w.org\/{rel}","templated":true}]}}